{"id":275,"date":"2023-12-12T14:50:22","date_gmt":"2023-12-12T12:50:22","guid":{"rendered":"http:\/\/gyroturk.com\/?post_type=product&#038;p=275"},"modified":"2025-06-23T13:03:47","modified_gmt":"2025-06-23T11:03:47","slug":"rotax-915is-motor-140hp","status":"publish","type":"product","link":"https:\/\/gyroturk.com\/?product=rotax-915is-motor-140hp","title":{"rendered":"ROTAX 915iS Motor &#8211; 140hp"},"content":{"rendered":"<p>Rotax 912 \/ 914 motor serisinin kan\u0131tlanm\u0131\u015f konseptine dayanan Rotax 915 iS motor, daha fazla g\u00fc\u00e7, s\u0131n\u0131f\u0131ndaki en iyi g\u00fc\u00e7-a\u011f\u0131rl\u0131k oran\u0131 ve en az 15.000 feet&#8217;e (4.570 m) kadar tam kalk\u0131\u015f g\u00fcc\u00fc sunar. ve 23.000 fitlik (7.010 m) servis tavan\u0131.<\/p>\n<ul>\n<li>Kar\u015f\u0131t silindirli 4 silindirli 4 zamanl\u0131 s\u0131v\u0131\/hava so\u011futmal\u0131 motor<\/li>\n<li>Ayr\u0131 ya\u011f deposuyla kuru karter cebri ya\u011flama, hidrolikle otomatik ayarlama, valf iticisi<\/li>\n<li>Yedekli elektronik yak\u0131t enjeksiyonu, ate\u015fleme, ECU Motor y\u00f6netim sistemi<\/li>\n<li>Elektrikli mar\u015f<\/li>\n<li>Pervane h\u0131z\u0131 d\u00fc\u015f\u00fcr\u00fcc\u00fc \u015fanz\u0131man<\/li>\n<li>Hava emi\u015f sistemi<\/li>\n<li>Turbo\u015farj ve ara so\u011futucu<\/li>\n<li>Hedef TBO (Bak\u0131mlar aras\u0131ndaki s\u00fcre) 1200 saat<\/li>\n<li>Verimlilik: 5.500 rpm&#8217;de 280 &#8211; 310 g\/kWh BFSC<\/li>\n<li>23.000 feet Servis Tavan\u0131<\/li>\n<\/ul>\n","protected":false},"excerpt":{"rendered":"<p>Rotax 912 \/ 914 motor serisinin kan\u0131tlanm\u0131\u015f konseptine dayanan Rotax 915 iS motor, daha fazla g\u00fc\u00e7, s\u0131n\u0131f\u0131ndaki en iyi g\u00fc\u00e7-a\u011f\u0131rl\u0131k oran\u0131 ve en az 15.000 feet&#8217;e (4.570 m) kadar tam kalk\u0131\u015f g\u00fcc\u00fc sunar. ve 23.000 fitlik (7.010 m) servis tavan\u0131. Kar\u015f\u0131t silindirli 4 silindirli 4 zamanl\u0131 s\u0131v\u0131\/hava so\u011futmal\u0131 motor Ayr\u0131 ya\u011f deposuyla kuru karter cebri<\/p><\/div>\n<div class=\"blog-btn\"><a href=\"https:\/\/gyroturk.com\/?product=rotax-915is-motor-140hp\" class=\"home-blog-btn\">Daha fazlas\u0131n\u0131 oku<\/a><\/p>\n","protected":false},"featured_media":276,"comment_status":"open","ping_status":"closed","template":"","meta":[],"product_brand":[],"product_cat":[43],"product_tag":[],"class_list":{"0":"post-275","1":"product","2":"type-product","3":"status-publish","4":"has-post-thumbnail","6":"product_cat-43","8":"first","9":"instock","10":"shipping-taxable","11":"purchasable","12":"product-type-simple"},"_links":{"self":[{"href":"https:\/\/gyroturk.com\/index.php?rest_route=\/wp\/v2\/product\/275","targetHints":{"allow":["GET"]}}],"collection":[{"href":"https:\/\/gyroturk.com\/index.php?rest_route=\/wp\/v2\/product"}],"about":[{"href":"https:\/\/gyroturk.com\/index.php?rest_route=\/wp\/v2\/types\/product"}],"replies":[{"embeddable":true,"href":"https:\/\/gyroturk.com\/index.php?rest_route=%2Fwp%2Fv2%2Fcomments&post=275"}],"wp:featuredmedia":[{"embeddable":true,"href":"https:\/\/gyroturk.com\/index.php?rest_route=\/wp\/v2\/media\/276"}],"wp:attachment":[{"href":"https:\/\/gyroturk.com\/index.php?rest_route=%2Fwp%2Fv2%2Fmedia&parent=275"}],"wp:term":[{"taxonomy":"product_brand","embeddable":true,"href":"https:\/\/gyroturk.com\/index.php?rest_route=%2Fwp%2Fv2%2Fproduct_brand&post=275"},{"taxonomy":"product_cat","embeddable":true,"href":"https:\/\/gyroturk.com\/index.php?rest_route=%2Fwp%2Fv2%2Fproduct_cat&post=275"},{"taxonomy":"product_tag","embeddable":true,"href":"https:\/\/gyroturk.com\/index.php?rest_route=%2Fwp%2Fv2%2Fproduct_tag&post=275"}],"curies":[{"name":"wp","href":"https:\/\/api.w.org\/{rel}","templated":true}]}}