{"id":271,"date":"2023-12-12T14:38:07","date_gmt":"2023-12-12T12:38:07","guid":{"rendered":"http:\/\/gyroturk.com\/?post_type=product&#038;p=271"},"modified":"2024-07-26T12:21:11","modified_gmt":"2024-07-26T10:21:11","slug":"rotax-912-uls-motor-100hp","status":"publish","type":"product","link":"https:\/\/gyroturk.com\/?product=rotax-912-uls-motor-100hp","title":{"rendered":"Gyropter Temel Kit"},"content":{"rendered":"<p>Kit Bile\u015fenleri:<\/p>\n<ol>\n<li>Rotor Head<\/li>\n<li>Rotor Blade<\/li>\n<li>Special Screw 40<\/li>\n<li>Kuyruk Tak\u0131m\u0131 Komple (Kompozit)<\/li>\n<li>Fuel Tank<\/li>\n<li>Bearing Lever<\/li>\n<\/ol>\n","protected":false},"excerpt":{"rendered":"<p>Kit Bile\u015fenleri: Rotor Head Rotor Blade Special Screw 40 Kuyruk Tak\u0131m\u0131 Komple (Kompozit) Fuel Tank Bearing Lever<\/p>\n","protected":false},"featured_media":47,"comment_status":"open","ping_status":"closed","template":"","meta":[],"product_brand":[],"product_cat":[16],"product_tag":[],"class_list":{"0":"post-271","1":"product","2":"type-product","3":"status-publish","4":"has-post-thumbnail","6":"product_cat-assemly","8":"first","9":"instock","10":"sale","11":"shipping-taxable","12":"purchasable","13":"product-type-simple"},"_links":{"self":[{"href":"https:\/\/gyroturk.com\/index.php?rest_route=\/wp\/v2\/product\/271","targetHints":{"allow":["GET"]}}],"collection":[{"href":"https:\/\/gyroturk.com\/index.php?rest_route=\/wp\/v2\/product"}],"about":[{"href":"https:\/\/gyroturk.com\/index.php?rest_route=\/wp\/v2\/types\/product"}],"replies":[{"embeddable":true,"href":"https:\/\/gyroturk.com\/index.php?rest_route=%2Fwp%2Fv2%2Fcomments&post=271"}],"wp:featuredmedia":[{"embeddable":true,"href":"https:\/\/gyroturk.com\/index.php?rest_route=\/wp\/v2\/media\/47"}],"wp:attachment":[{"href":"https:\/\/gyroturk.com\/index.php?rest_route=%2Fwp%2Fv2%2Fmedia&parent=271"}],"wp:term":[{"taxonomy":"product_brand","embeddable":true,"href":"https:\/\/gyroturk.com\/index.php?rest_route=%2Fwp%2Fv2%2Fproduct_brand&post=271"},{"taxonomy":"product_cat","embeddable":true,"href":"https:\/\/gyroturk.com\/index.php?rest_route=%2Fwp%2Fv2%2Fproduct_cat&post=271"},{"taxonomy":"product_tag","embeddable":true,"href":"https:\/\/gyroturk.com\/index.php?rest_route=%2Fwp%2Fv2%2Fproduct_tag&post=271"}],"curies":[{"name":"wp","href":"https:\/\/api.w.org\/{rel}","templated":true}]}}