{"id":34,"date":"2022-02-02T19:42:40","date_gmt":"2022-02-02T19:42:40","guid":{"rendered":"http:\/\/gyroturk.com\/?page_id=34"},"modified":"2024-03-08T09:28:24","modified_gmt":"2024-03-08T07:28:24","slug":"hesabim","status":"publish","type":"page","link":"https:\/\/gyroturk.com\/?page_id=34","title":{"rendered":"Bayilik"},"content":{"rendered":"\n<div class=\"wp-block-image\"><figure class=\"aligncenter size-full is-resized\"><img loading=\"lazy\" decoding=\"async\" src=\"http:\/\/gyroturk.com\/wp-content\/uploads\/2022\/02\/Bayimiz-olun.png\" alt=\"\" class=\"wp-image-110\" width=\"271\" height=\"271\" srcset=\"https:\/\/gyroturk.com\/wp-content\/uploads\/2022\/02\/Bayimiz-olun.png 225w, https:\/\/gyroturk.com\/wp-content\/uploads\/2022\/02\/Bayimiz-olun-150x150.png 150w\" sizes=\"auto, (max-width: 271px) 100vw, 271px\" \/><\/figure><\/div>\n\n\n\n<p>Bayimiz Olun<\/p>\n\n\n\n<p>GyroTurk&#8217;\u00fcn dinamik geli\u015fimi sayesinde&nbsp; sat\u0131\u015f a\u011f\u0131m\u0131z\u0131 geni\u015fletiyoruz .Bilginer Havac\u0131l\u0131k&nbsp;ortaklar\u0131na son derece elveri\u015fli ve istikrarl\u0131 i\u015fbirli\u011fi ko\u015fullar\u0131 sunuyor.<\/p>\n\n\n\n<p>Bayimiz olmak ve havac\u0131l\u0131k alan\u0131nda s\u00fcrekli geni\u015flemek istiyorsan\u0131z sizi i\u015fbirli\u011fine davet ediyoruz.<\/p>\n\n\n\n<p>Bireysel i\u015fbirli\u011fi \u015fartlar\u0131 Bilginer Havac\u0131l\u0131k Sat\u0131\u015f Departman\u0131ndan al\u0131nabilir.<\/p>\n","protected":false},"excerpt":{"rendered":"<p>Bayimiz Olun GyroTurk&#8217;\u00fcn dinamik geli\u015fimi sayesinde&nbsp; sat\u0131\u015f a\u011f\u0131m\u0131z\u0131 geni\u015fletiyoruz .Bilginer Havac\u0131l\u0131k&nbsp;ortaklar\u0131na son derece elveri\u015fli ve istikrarl\u0131 i\u015fbirli\u011fi ko\u015fullar\u0131 sunuyor. Bayimiz olmak ve havac\u0131l\u0131k alan\u0131nda s\u00fcrekli geni\u015flemek istiyorsan\u0131z sizi i\u015fbirli\u011fine davet ediyoruz. Bireysel i\u015fbirli\u011fi \u015fartlar\u0131 Bilginer Havac\u0131l\u0131k Sat\u0131\u015f Departman\u0131ndan al\u0131nabilir.<\/p>\n","protected":false},"author":1,"featured_media":0,"parent":0,"menu_order":0,"comment_status":"closed","ping_status":"closed","template":"","meta":{"footnotes":""},"class_list":["post-34","page","type-page","status-publish","hentry"],"_links":{"self":[{"href":"https:\/\/gyroturk.com\/index.php?rest_route=\/wp\/v2\/pages\/34","targetHints":{"allow":["GET"]}}],"collection":[{"href":"https:\/\/gyroturk.com\/index.php?rest_route=\/wp\/v2\/pages"}],"about":[{"href":"https:\/\/gyroturk.com\/index.php?rest_route=\/wp\/v2\/types\/page"}],"author":[{"embeddable":true,"href":"https:\/\/gyroturk.com\/index.php?rest_route=\/wp\/v2\/users\/1"}],"replies":[{"embeddable":true,"href":"https:\/\/gyroturk.com\/index.php?rest_route=%2Fwp%2Fv2%2Fcomments&post=34"}],"version-history":[{"count":6,"href":"https:\/\/gyroturk.com\/index.php?rest_route=\/wp\/v2\/pages\/34\/revisions"}],"predecessor-version":[{"id":118,"href":"https:\/\/gyroturk.com\/index.php?rest_route=\/wp\/v2\/pages\/34\/revisions\/118"}],"wp:attachment":[{"href":"https:\/\/gyroturk.com\/index.php?rest_route=%2Fwp%2Fv2%2Fmedia&parent=34"}],"curies":[{"name":"wp","href":"https:\/\/api.w.org\/{rel}","templated":true}]}}