{"id":302,"date":"2024-02-15T11:36:54","date_gmt":"2024-02-15T09:36:54","guid":{"rendered":"http:\/\/gyroturk.com\/?page_id=302"},"modified":"2024-02-15T11:36:54","modified_gmt":"2024-02-15T09:36:54","slug":"teslimat-ve-iade","status":"publish","type":"page","link":"https:\/\/gyroturk.com\/?page_id=302","title":{"rendered":"Teslimat ve \u0130ade"},"content":{"rendered":"\n<p><strong>\u0130ade ve de\u011fi\u015fim kurallar\u0131 nelerdir?<\/strong><\/p>\n\n\n\n<p>\u0130ade ve de\u011fi\u015fim i\u015flemlerinde firmam\u0131z t\u00fcketiciyi koruma kanununa uygun hareket eder. \u00dcr\u00fcn kullan\u0131lmam\u0131\u015f, orijinal ambalaj\u0131 zarar g\u00f6rmemi\u015f ve eksiksiz olmak ko\u015fuluyla orijinal faturas\u0131 ile birlikte 7 g\u00fcn i\u00e7inde \u00fccretsiz olarak iade edilebilir veya de\u011fi\u015fimi yap\u0131labilir.<\/p>\n\n\n\n<p><strong>\u0130ade s\u00fcreci<\/strong><\/p>\n\n\n\n<p>\u0130ade edilmek istenen \u00fcr\u00fcn\u00fcn bilgilerini (\u00dcr\u00fcn ad\u0131-kodu) ve iade nedeni faturan\u0131n en alt k\u0131sm\u0131na not edilmelidir. \u0130ade edilmek istenen \u00fcr\u00fcn uzman ekibimiz taraf\u0131ndan incelenir ve \u00fcr\u00fcn\u00fcn iade kurallar\u0131na uygun olup olmad\u0131\u011f\u0131 ara\u015ft\u0131r\u0131l\u0131r. \u0130ade onayland\u0131\u011f\u0131nda \u00fcr\u00fcn bedeli 10 i\u015f g\u00fcn\u00fc i\u00e7erisinde hesaba iade edilir.&nbsp;Yap\u0131lan iadenin hesaba yans\u0131mas\u0131 bankadan bankaya de\u011fi\u015fkenlik g\u00f6sterebilir. Bankan\u0131n paray\u0131 m\u00fc\u015fteri hesab\u0131na yat\u0131r\u0131lmas\u0131 konusunda ya\u015fanan gecikmelerden gyroturk.com\u2019un herhangi bir sorumlulu\u011fu bulunmamaktad\u0131r. E\u011fer \u2018Kap\u0131da Nakit \u00d6deme\u2019 yap\u0131ld\u0131ysa iade bedelinin iletilebilmesi i\u00e7in IBAN numaras\u0131n\u0131n mutlaka iletilmesi gerekir.<\/p>\n\n\n\n<p><strong>\u00dcr\u00fcn de\u011fi\u015fimi yapabilir miyim?<\/strong><\/p>\n\n\n\n<p>\u00dcr\u00fcn de\u011fi\u015fimi i\u00e7in \u00fcr\u00fcn\u00fc anla\u015fmal\u0131 kargolar\u0131m\u0131zla ile fatura adresimize g\u00f6nderebilirsiniz.&nbsp;\u0130ade prosed\u00fcrlerimize&nbsp;dayanarak sat\u0131n ald\u0131\u011f\u0131n\u0131z \u00fcr\u00fcn\u00fc\/\u00fcr\u00fcnleri \u00fccretsiz \u015fekilde de\u011fi\u015ftirebilir, diledi\u011finiz \u00fcr\u00fcnlerle size tan\u0131mlanan de\u011fi\u015fim \u00e7eki kodu ile yeni sipari\u015f olu\u015fturabilirsiniz.<\/p>\n\n\n\n<p><strong>Not:<\/strong>&nbsp;\u00dcr\u00fcn\u00fcn iptal ya da iadesi ger\u00e7ekle\u015ftirildi\u011fi halde kampanya ko\u015fullar\u0131 sa\u011flanmaya devam ediyorsa kampanya iptal olmaz. Ancak \u00fcr\u00fcnler kampanya \u015fartlar\u0131n\u0131 sa\u011flamaya yetmiyorsa kampanya iptal olur.Ve \u00fccret iadesi kampanyan\u0131n indirimi d\u00fc\u015f\u00fclerek yap\u0131l\u0131r.<\/p>\n\n\n\n<p><strong>\u0130ade sonras\u0131 geri \u00f6deme nas\u0131l ilerler?<\/strong><\/p>\n\n\n\n<p>gyroturk.com\u2019un \u00fczerinden iade i\u015flemi kabul edildi\u011finde para iadesi ger\u00e7ekle\u015fir ve SMS ile bilgilendirme yap\u0131l\u0131r. Kap\u0131da \u00f6deme yapt\u0131ysan\u0131z bize bildirdi\u011finiz Iban hesab\u0131na, kredi kart\u0131 ile ald\u0131ysan\u0131z kredi kart\u0131n\u0131za iade i\u015flemi yap\u0131l\u0131r. \u0130adenin hesaba yans\u0131ma s\u00fcresi banka taraf\u0131ndan belirlendi\u011finden s\u00fcre de\u011fi\u015fiklik g\u00f6sterebilir.<\/p>\n\n\n\n<p><strong>Sipari\u015f iptal s\u00fcreci nas\u0131l ilerler?<\/strong><\/p>\n\n\n\n<p>Sipari\u015f verdi\u011finiz \u00fcr\u00fcn\u00fc, kargoya teslim edilmeden \u00f6nce&nbsp;0(532) 714 26 66 nolu telefona Whatsapp ile ula\u015farak iptal edebilirsiniz. Kargoya teslim edilen \u00fcr\u00fcnlerde iptal i\u015flemi yap\u0131lamamaktad\u0131r.<\/p>\n\n\n\n<p><strong>Teslimat s\u00fcresi nedir?<\/strong><\/p>\n\n\n\n<p>gyroturk.com\u2019un \u00fczerinden verilen sipari\u015fin \u00fcretilip karagoya verilmesi s\u00fcrecinde taraf\u0131n\u0131za bilgilendirme yap\u0131lacakt\u0131r..<\/p>\n\n\n\n<p><strong>Sipari\u015f sonras\u0131 kargo durumu nas\u0131l takip edilir?<\/strong><\/p>\n\n\n\n<p>Sipari\u015finiz kargo ile yola \u00e7\u0131kt\u0131\u011f\u0131nda ve teslimat \u015fubesine ula\u015ft\u0131\u011f\u0131nda SMS ile bilgilendirilirsiniz.&nbsp;<\/p>\n","protected":false},"excerpt":{"rendered":"<p>\u0130ade ve de\u011fi\u015fim kurallar\u0131 nelerdir? \u0130ade ve de\u011fi\u015fim i\u015flemlerinde firmam\u0131z t\u00fcketiciyi koruma kanununa uygun hareket eder. \u00dcr\u00fcn kullan\u0131lmam\u0131\u015f, orijinal ambalaj\u0131 zarar g\u00f6rmemi\u015f ve eksiksiz olmak ko\u015fuluyla orijinal faturas\u0131 ile birlikte 7 g\u00fcn i\u00e7inde \u00fccretsiz olarak iade edilebilir veya de\u011fi\u015fimi yap\u0131labilir. \u0130ade s\u00fcreci \u0130ade edilmek istenen \u00fcr\u00fcn\u00fcn bilgilerini (\u00dcr\u00fcn ad\u0131-kodu) ve iade nedeni faturan\u0131n en alt<\/p><\/div>\n<div class=\"blog-btn\"><a href=\"https:\/\/gyroturk.com\/?page_id=302\" class=\"home-blog-btn\">Daha fazlas\u0131n\u0131 oku<\/a><\/p>\n","protected":false},"author":1,"featured_media":0,"parent":0,"menu_order":0,"comment_status":"closed","ping_status":"closed","template":"","meta":{"footnotes":""},"class_list":["post-302","page","type-page","status-publish","hentry"],"_links":{"self":[{"href":"https:\/\/gyroturk.com\/index.php?rest_route=\/wp\/v2\/pages\/302","targetHints":{"allow":["GET"]}}],"collection":[{"href":"https:\/\/gyroturk.com\/index.php?rest_route=\/wp\/v2\/pages"}],"about":[{"href":"https:\/\/gyroturk.com\/index.php?rest_route=\/wp\/v2\/types\/page"}],"author":[{"embeddable":true,"href":"https:\/\/gyroturk.com\/index.php?rest_route=\/wp\/v2\/users\/1"}],"replies":[{"embeddable":true,"href":"https:\/\/gyroturk.com\/index.php?rest_route=%2Fwp%2Fv2%2Fcomments&post=302"}],"version-history":[{"count":1,"href":"https:\/\/gyroturk.com\/index.php?rest_route=\/wp\/v2\/pages\/302\/revisions"}],"predecessor-version":[{"id":303,"href":"https:\/\/gyroturk.com\/index.php?rest_route=\/wp\/v2\/pages\/302\/revisions\/303"}],"wp:attachment":[{"href":"https:\/\/gyroturk.com\/index.php?rest_route=%2Fwp%2Fv2%2Fmedia&parent=302"}],"curies":[{"name":"wp","href":"https:\/\/api.w.org\/{rel}","templated":true}]}}