{"id":22,"date":"2022-02-02T19:18:19","date_gmt":"2022-02-02T19:18:19","guid":{"rendered":"http:\/\/gyroturk.com\/?page_id=22"},"modified":"2022-02-03T20:47:02","modified_gmt":"2022-02-03T20:47:02","slug":"about","status":"publish","type":"page","link":"https:\/\/gyroturk.com\/?page_id=22","title":{"rendered":"Hakk\u0131m\u0131zda"},"content":{"rendered":"<div class=\"col-md-6 col-sm-6 col-xs-12\">\n<div class=\"about-img-area wow fadeInDown animated animated animated animated animated\" style=\"visibility: visible; animation-delay: 0.4s; animation-name: fadeInDown;\" data-wow-delay=\"0.4s\"><img loading=\"lazy\" decoding=\"async\" class=\"wp-image-101  aligncenter\" src=\"http:\/\/gyroturk.com\/wp-content\/uploads\/2022\/02\/Amblem2mavi-1-1024x410.png\" alt=\"\" width=\"890\" height=\"357\" srcset=\"https:\/\/gyroturk.com\/wp-content\/uploads\/2022\/02\/Amblem2mavi-1-1024x410.png 1024w, https:\/\/gyroturk.com\/wp-content\/uploads\/2022\/02\/Amblem2mavi-1-300x120.png 300w, https:\/\/gyroturk.com\/wp-content\/uploads\/2022\/02\/Amblem2mavi-1-768x307.png 768w, https:\/\/gyroturk.com\/wp-content\/uploads\/2022\/02\/Amblem2mavi-1-1536x614.png 1536w, https:\/\/gyroturk.com\/wp-content\/uploads\/2022\/02\/Amblem2mavi-1-2048x819.png 2048w\" sizes=\"auto, (max-width: 890px) 100vw, 890px\" \/><\/div>\n<\/div>\n<div class=\"col-md-6 col-sm-6 col-xs-12 wow fadeInDown animated animated animated animated animated\" style=\"visibility: visible; animation-delay: 0.4s; animation-name: fadeInDown;\" data-wow-delay=\"0.4s\">\n<p>Bilginer Havac\u0131l\u0131k\u00a0 San. Tic. Ltd. \u015eti. 2002 y\u0131l\u0131nda kurulmu\u015f olup Elektromekanik kontrol ve otomasyon sistemleri alan\u0131nda faaliyet g\u00f6sterirken 2009 y\u0131l\u0131ndan bu yana Gyrocopter tasar\u0131m ve imalat\u0131 konusunda \u00e7al\u0131\u015fmalar yapmaktad\u0131r. 2013 y\u0131l\u0131nda Gyrocopter Tasar\u0131m ve \u0130malat Projesi ile KOSGEB AR-GE, \u0130novasyon ve End\u00fcstriyel Uygulama Destek Program\u0131ndan kat\u0131lm\u0131\u015f olup 2015 y\u0131l\u0131nda Arge Projesini Ba\u015far\u0131yla bitirmi\u015ftir. 2018 Y\u0131l\u0131nda ise KOSGEB TEKNO Yat\u0131r\u0131m deste\u011fiyle seri \u00fcretime ba\u015flam\u0131\u015ft\u0131r.<\/p>\n<p>Bilginer Havac\u0131l\u0131k Ekibi AR-GE,\u00dcretim Tasar\u0131m ve \u0130\u015f geli\u015ftirme uzmanlar\u0131ndan olu\u015fmaktad\u0131r. As\u0131l amac\u0131,geni\u015f da\u011f\u0131t\u0131m\u0131 ve sat\u0131\u015f\u0131yla s\u0131n\u0131f\u0131n\u0131n en iyisi Gyrocopter \u00fcretmektir.<\/p>\n<p><strong>Misyonumuz<\/strong>: D\u00fcnya Havac\u0131l\u0131k sekt\u00f6r\u00fcn\u00fc yak\u0131ndan takip ederek, d\u00fcr\u00fcst, g\u00fcvenilir, \u00f6nc\u00fc, do\u011faya ve insana sayg\u0131l\u0131, yakla\u015f\u0131m ve ilkeler ile d\u00fcnyada h\u0131zla geli\u015fen havac\u0131l\u0131k ve yan dallar\u0131n\u0131n \u00fclkemizdeki geli\u015fimine katk\u0131 sa\u011flamakt\u0131r.<\/p>\n<\/div>\n","protected":false},"excerpt":{"rendered":"<p>Bilginer Havac\u0131l\u0131k\u00a0 San. Tic. Ltd. \u015eti. 2002 y\u0131l\u0131nda kurulmu\u015f olup Elektromekanik kontrol ve otomasyon sistemleri alan\u0131nda faaliyet g\u00f6sterirken 2009 y\u0131l\u0131ndan bu yana Gyrocopter tasar\u0131m ve imalat\u0131 konusunda \u00e7al\u0131\u015fmalar yapmaktad\u0131r. 2013 y\u0131l\u0131nda Gyrocopter Tasar\u0131m ve \u0130malat Projesi ile KOSGEB AR-GE, \u0130novasyon ve End\u00fcstriyel Uygulama Destek Program\u0131ndan kat\u0131lm\u0131\u015f olup 2015 y\u0131l\u0131nda Arge Projesini Ba\u015far\u0131yla bitirmi\u015ftir. 2018 Y\u0131l\u0131nda<\/p><\/div>\n<div class=\"blog-btn\"><a href=\"https:\/\/gyroturk.com\/?page_id=22\" class=\"home-blog-btn\">Daha fazlas\u0131n\u0131 oku<\/a><\/p>\n","protected":false},"author":1,"featured_media":0,"parent":0,"menu_order":0,"comment_status":"closed","ping_status":"closed","template":"template\/template-about.php","meta":{"footnotes":""},"class_list":["post-22","page","type-page","status-publish","hentry"],"_links":{"self":[{"href":"https:\/\/gyroturk.com\/index.php?rest_route=\/wp\/v2\/pages\/22","targetHints":{"allow":["GET"]}}],"collection":[{"href":"https:\/\/gyroturk.com\/index.php?rest_route=\/wp\/v2\/pages"}],"about":[{"href":"https:\/\/gyroturk.com\/index.php?rest_route=\/wp\/v2\/types\/page"}],"author":[{"embeddable":true,"href":"https:\/\/gyroturk.com\/index.php?rest_route=\/wp\/v2\/users\/1"}],"replies":[{"embeddable":true,"href":"https:\/\/gyroturk.com\/index.php?rest_route=%2Fwp%2Fv2%2Fcomments&post=22"}],"version-history":[{"count":5,"href":"https:\/\/gyroturk.com\/index.php?rest_route=\/wp\/v2\/pages\/22\/revisions"}],"predecessor-version":[{"id":238,"href":"https:\/\/gyroturk.com\/index.php?rest_route=\/wp\/v2\/pages\/22\/revisions\/238"}],"wp:attachment":[{"href":"https:\/\/gyroturk.com\/index.php?rest_route=%2Fwp%2Fv2%2Fmedia&parent=22"}],"curies":[{"name":"wp","href":"https:\/\/api.w.org\/{rel}","templated":true}]}}