{"id":154,"date":"2022-02-03T21:53:29","date_gmt":"2022-02-03T21:53:29","guid":{"rendered":"http:\/\/gyroturk.com\/?page_id=154"},"modified":"2023-12-11T20:53:41","modified_gmt":"2023-12-11T18:53:41","slug":"blog-2","status":"publish","type":"page","link":"https:\/\/gyroturk.com\/?page_id=154","title":{"rendered":"Gizlilik Politikas\u0131"},"content":{"rendered":"\n<p>\u0130\u015fbu Gizlilik Politikas\u0131\u2019n\u0131n amac\u0131, B\u0130LG\u0130NER HAVACILIK SPOR.ORG.ELEK.TURZ.SAN.LTD.\u015eT\u0130. (\u201cBilginer\u201d veya \u201c\u015eirket\u201d) taraf\u0131ndan y\u00f6netilmekte olan http:\/\/gyroturk.com\/ adresinde yer alan web sitesinin, (\u201cPortal\u201d) kullan\u0131m\u0131 s\u0131ras\u0131nda elde edilen ve\/veya \u00fc\u00e7\u00fcnc\u00fc ki\u015filerden al\u0131nan ki\u015fisel verilerin kullan\u0131m\u0131na ili\u015fkin ko\u015ful ve \u015fartlar\u0131 tespit etmektir. \u0130\u015fbu Gizlilik Politikas\u0131\u2019nda tan\u0131mlanmayan ifadelerin yorumlanmas\u0131nda Kullan\u0131m ve \u00dcyelik S\u00f6zle\u015fmesi ve \u00c7erez Politikas\u0131\u2019ndaki tan\u0131mlar dikkate al\u0131nacakt\u0131r.<br><br><a>Bilgine<\/a>r, teknolojiye yat\u0131r\u0131m yaparak yenilik\u00e7i \u00fcr\u00fcn ve hizmet uygulamalar\u0131 ile internet alan\u0131nda kullan\u0131c\u0131lar\u0131na daha iyi hizmet vermek i\u00e7in s\u00fcrekli kendisini yenilemekte ve en iyi hizmeti verebilmek i\u00e7in \u00e7al\u0131\u015fmaktad\u0131r.<\/p>\n\n\n\n<p><strong>Ki\u015fisel Verileriniz \u0130\u015flenme Ama\u00e7lar\u0131 Ve Hukuki Sebepleri :<\/strong><br><br><strong>Kurumsal s\u00fcrd\u00fcr\u00fclebilirlik faaliyetlerinin planlanmas\u0131 ve icras\u0131<\/strong><br><br>\u201c<a>Bilginer<\/a>\u201d personel temin s\u00fcre\u00e7lerinin y\u00fcr\u00fct\u00fclmesi<br>\u201cBilginer\u201d finansal raporlama ve risk y\u00f6netimi i\u015flemlerinin icras\u0131\/takibi<br>\u201cBilginer\u201d hukuk i\u015flerinin icras\u0131\/takibi<br>Kurumsal ileti\u015fim faaliyetlerinin planlanmas\u0131 ve icras\u0131<br><br>Kurumsal y\u00f6netim faaliyetlerinin icras\u0131<br>Talep ve \u015fikayet y\u00f6netimi<br>\u0130lgililerin olas\u0131 hak ve alacak taleplerinin tesisi<br>Yetkili kurulu\u015flara mevzuattan kaynakl\u0131 bilgi verilmesi<br>Ziyaret\u00e7i kay\u0131tlar\u0131n\u0131n olu\u015fturulmas\u0131 ve takibi<br>\u015eirketimiz ve \u015eirketimiz ad\u0131na \u015fubelerimiz, \u00e7a\u011fr\u0131 merkezimiz, ba\u011fl\u0131 \u015firketlerimiz taraf\u0131ndan ya da internet sitelerimiz ile sosyal medya sayfalar\u0131m\u0131z veya ve bunlarla s\u0131n\u0131rl\u0131 olmamak \u00fczere her t\u00fcrl\u00fc kanallar arac\u0131l\u0131\u011f\u0131 ile T\u00fcketicinin Korunmas\u0131 Hakk\u0131nda Kanun, Perakende Ticaretin D\u00fczenlenmesi Hakk\u0131nda Kanun ve di\u011fer yasal mevzuat kapsam\u0131nda, y\u00fck\u00fcml\u00fcl\u00fcklerin yerine getirilmesini sa\u011flamak,<br>Sizlere daha iyi hizmet verebilme, \u00e7e\u015fitli avantajlar sa\u011flay\u0131p sunma, sat\u0131\u015f, pazarlama, bilgilendirme, promosyonlar hakk\u0131nda bilgi verebilme, kampanya ve ko\u015fullar\u0131 hakk\u0131nda bilgi sa\u011flama, anket, m\u00fc\u015fteri memnuniyet ara\u015ft\u0131rmalar\u0131n\u0131 yapabilme, sat\u0131n alma i\u015flemlerinizi sa\u011flama h\u0131zland\u0131rma, sipari\u015flerinizi alma ve teslim edebilme<br>Ama\u00e7 ve hukuki sebepleri dahilinde verilerinizi a\u00e7\u0131k r\u0131zan\u0131z ile i\u015fleyebilmektedir.<br><br><strong>Veriler Nas\u0131l Elde Edilmektedir?<\/strong><br><br>Verileriniz, a\u015fa\u011f\u0131daki y\u00f6ntemler kullan\u0131larak toplanmaktad\u0131r:<br>Ki\u015fisel verileriniz, \u015firketimiz \/ \u015fubelerimiz \/ internet sitemiz \/ mobil uygulamalar\u0131m\u0131z \/ \u00e7a\u011fr\u0131 merkezimiz \/ ortak veya tedarik\u00e7i firmalar, anla\u015fmal\u0131 kurulu\u015flar ve bunlarla s\u0131n\u0131rl\u0131 olmamak \u00fczere her t\u00fcrl\u00fc kanallar arac\u0131l\u0131\u011f\u0131yla yaz\u0131l\u0131, s\u00f6zl\u00fc ya da elektronik ortamda toplanabilmektedir.<br><br>Do\u011frudan Taraf\u0131m\u0131za Vermi\u015f Oldu\u011funuz Veriler: Hizmet\u2019in ifas\u0131 i\u00e7in ve Portal\u2019\u0131n kullan\u0131m\u0131 \u00f6ncesinde veya s\u0131ras\u0131nda, Bilginer\u2019e kullan\u0131c\u0131lar\u0131n kendi a\u00e7\u0131k r\u0131zalar\u0131 ve insiyatifleri do\u011frultusunda verdikleri ki\u015fisel verileri ifade eder. Bu ki\u015fisel veriler, do\u011frudan kullan\u0131c\u0131lar taraf\u0131ndan Bilginer\u2019e verilen t\u00fcm ki\u015fisel verileri kapsar. \u00d6rne\u011fin, ad-soyad, ileti\u015fim bilgileri, kimlik bilgileri, anketlere verilen cevaplar, demografik veriler ve i\u00e7erik bilgileri bu t\u00fcr verilere girmektedir.<br><br>Platformumuzu Kulland\u0131\u011f\u0131n\u0131z Zaman Elde Etti\u011fimiz Veriler: Bilginer\u2019in sundu\u011fu hizmet s\u0131ras\u0131nda, belirli yaz\u0131l\u0131m ya da teknolojik ara\u00e7lar vas\u0131tas\u0131yla kullan\u0131c\u0131lar\u0131n kullan\u0131m al\u0131\u015fkanl\u0131klar\u0131na ili\u015fkin ki\u015fisel verileri kapsamaktad\u0131r. \u00d6rne\u011fin, konum verileri ve s\u0131k kullan\u0131lanlar ile birlikte ilgi alanlar\u0131 ve kullan\u0131m verileri bu t\u00fcr verilere girmektedir. Bu t\u00fcr verilere y\u00f6nelik insiyatifinizi mobil cihaz \u00fczerindeki ayarlar\u0131n\u0131zdan kullanabilirsiniz \/ de\u011fi\u015ftirebilirsiniz.<br><br>Bilginer, online davran\u0131\u015fsal reklamc\u0131l\u0131k ve pazarlama yap\u0131labilmesi amac\u0131yla siteye gelen kullan\u0131c\u0131n\u0131n \u00fcye olmasalar dahi sitedeki davran\u0131\u015flar\u0131n\u0131 taray\u0131c\u0131da bulunan bir \u00e7erez (cookie) ile ili\u015fkilendirme ve g\u00f6r\u00fcnt\u00fclenen sayfa say\u0131s\u0131, ziyaret s\u00fcresi ve hedef tamamlama say\u0131s\u0131 gibi metrikleri temel alan yeniden pazarlama listeleri tan\u0131mlama hakk\u0131na haizdir. Daha sonra bu kullan\u0131c\u0131ya sitede ya da G\u00f6r\u00fcnt\u00fcl\u00fc Reklam A\u011f\u0131\u2019ndaki di\u011fer sitelerde, kullan\u0131c\u0131lar\u0131n ilgi alanlar\u0131na g\u00f6re hedefe y\u00f6nelik reklam i\u00e7eri\u011fi g\u00f6sterilebilir.<br><br>Google AFS reklamlar\u0131n\u0131n Bilginer\u2019e y\u00f6nlendirilmesi esnas\u0131nda Google kullan\u0131c\u0131lar\u0131n taray\u0131c\u0131s\u0131na \u00e7erez yerle\u015ftirebilir veya bunlarda yer alan \u00e7erezleri okuyabilir veya bilgi toplamak amac\u0131 ile web i\u015faretleri kullanabilir.<br><br>\u00c7erez Politikas\u0131na &#8220;\u00c7erezler&#8221; adresinden ula\u015fabilirsiniz.<br><br><strong>Parmak izimi vermek zorunda m\u0131y\u0131m?<\/strong><br><br>Mobil uygulamada \u015fifre kullan\u0131m\u0131 yerine parmak izi ile giri\u015f uygulamas\u0131n\u0131 tercih edebilirsiniz. Mobil cihaz\u0131n ayarlar k\u0131sm\u0131ndan yapaca\u011f\u0131n\u0131z parmak izi tan\u0131mlamas\u0131 ile ger\u00e7ekle\u015ftirilecek i\u015flem kapsam\u0131nda Bilginer\u2019e parmak iziniz hi\u00e7bir \u015fekilde iletilmeyecektir. Mobil cihaz \u00fczerinden Bilginer\u2019e sadece do\u011frulama ya da hata uyar\u0131s\u0131 gelmekte ve buna istinaden uygulamaya giri\u015finiz sa\u011flanmaktad\u0131r. Onay gelmedi\u011fi takdirde i\u015flemi tekrarlamaya ya da ba\u015fka bir yolla giri\u015f yapmaya y\u00f6nlendirilirsiniz. Parmak izi ile giri\u015f se\u00e7ene\u011fini cihaz\u0131n\u0131z\u0131n ayarlar b\u00f6l\u00fcm\u00fcnden kapatabilirsiniz.<br><br>Ki\u015fisel Veriler Nerede Depolan\u0131r ve \u0130\u015flenir?<br>Elde etti\u011fimiz ki\u015fisel verileriniz, yukar\u0131da belirtilen ama\u00e7lar \u00e7er\u00e7evesinde yurti\u00e7inde veya yurtd\u0131\u015f\u0131nda Bilginer\u2019in ya da ba\u011fl\u0131 kurulu\u015flar\u0131n\u0131n, alt kurulu\u015flar\u0131n\u0131n veya i\u015fbirli\u011fi i\u00e7inde bulundu\u011fu hizmet servis sa\u011flay\u0131c\u0131lar\u0131n\u0131n tesisi bulunan ba\u015fka bir \u00fclkede depolanabilir ve i\u015flenebilir.<br><br>\u0130\u015fbu Gizlilik Politikas\u0131 kapsam\u0131nda toplanan ki\u015fisel verileriniz burada yer alan h\u00fck\u00fcmlere ve verilerin depoland\u0131\u011f\u0131 ve i\u015flendi\u011fi \u00fclkede y\u00fcr\u00fcrl\u00fckte olan mevzuat kapsam\u0131nda ve \u00f6ng\u00f6r\u00fclen g\u00fcvenlik \u00f6nlemleri d\u00e2hilinde i\u015flenecektir.<br><br><strong>Veriler Kimlerle Payla\u015f\u0131lmaktad\u0131r?<\/strong><br>Ki\u015fisel Verileriniz Aktar\u0131labilece\u011fi Kurum \/ Kurulu\u015flar :<\/p>\n\n\n\n<figure class=\"wp-block-table\"><table><tbody><tr><td><br>VER\u0130<br>AKTARIMI YAPAB\u0130LECEK K\u0130\u015e\u0130LER<\/td><td><br>TANIMI<\/td><td><br>VER\u0130<br>AKTARIM AMACI<\/td><\/tr><tr><td><br><br>\u0130\u015f Orta\u011f\u0131<\/td><td><br><br>\u201cBilginer\u201d\u2019in<br>ticari faaliyetlerini y\u00fcr\u00fct\u00fcrken bizzat veya Topluluk \u015eirketleri ile birlikte<br>muhtelif projeler y\u00fcr\u00fctmek, hizmet almak gibi ama\u00e7larla i\u015f ortakl\u0131\u011f\u0131 kurdu\u011fu<br>taraflar\u0131 tan\u0131mlamaktad\u0131r.<\/td><td><br><br>\u0130\u015f ortakl\u0131\u011f\u0131n\u0131n<br>kurulma ama\u00e7lar\u0131n\u0131n yerine getirilmesini temin etmek amac\u0131yla s\u0131n\u0131rl\u0131 olarak<\/td><\/tr><tr><td><br><br>Tedarik\u00e7i<\/td><td><br><br>\u201cBilginer\u201d\u2019in<br>ticari faaliyetlerini y\u00fcr\u00fct\u00fcrken \u201cBilginer\u201d\u2019in emir ve talimatlar\u0131na uygun<br>olarak s\u00f6zle\u015fme temelli olarak \u201cBilginer\u201d\u2019e hizmet sunan taraflar\u0131 tan\u0131mlamaktad\u0131r.<br><br><\/td><td><br><br>\u201cBilginer\u201d\u2019in<br>tedarik\u00e7iden d\u0131\u015f kaynakl\u0131 olarak temin etti\u011fi ve \u201cBilginer\u201d\u2019in ticari<br>faaliyetlerini yerine getirmek i\u00e7in gerekli hizmetlerin \u201cBilginer\u201d\u2018e sunulmas\u0131n\u0131<br>sa\u011flamak amac\u0131yla s\u0131n\u0131rl\u0131 olarak.<\/td><\/tr><tr><td><br><br><br>Hissedarlar<\/td><td><br><br>\u201cBilginer\u201d<br>y\u00f6netim kurulu \u00fcyeleri ve di\u011fer yetkili ger\u00e7ek ki\u015filer<\/td><td><br><br>\u0130lgili<br>mevzuat h\u00fck\u00fcmlerine g\u00f6re \u201cBilginer\u201d\u2019in \u015firketler hukuku, etkinlik y\u00f6netimi ve<br>kurumsal ileti\u015fim s\u00fcre\u00e7leri kapsam\u0131nda y\u00fcr\u00fctt\u00fc\u011f\u00fc faaliyetlerin ama\u00e7lar\u0131yla<br>s\u0131n\u0131rl\u0131 olarak<\/td><\/tr><tr><td><br><br>\u015eirket<br>Yetkilileri<br><br><\/td><td><br><br>\u0130lgili<br>mevzuat h\u00fck\u00fcmlerine g\u00f6re \u201cBilginer\u201d\u2019den bilgi ve belge almaya yetkili kamu<br>kurum ve kurulu\u015flar\u0131<\/td><td><br><br>\u0130lgili<br>mevzuat h\u00fck\u00fcmlerine g\u00f6re \u201cBilginer\u201d\u2019in ticari faaliyetlerine ili\u015fkin<br>stratejilerin tasarlanmas\u0131, en \u00fcst d\u00fczeyde y\u00f6netiminin sa\u011flanmas\u0131 ve denetim ama\u00e7lar\u0131yla<br>s\u0131n\u0131rl\u0131 olarak<\/td><\/tr><tr><td><br><br><br>Hukuken<br>Yetkili Kamu Kurum ve Kurulu\u015flar\u0131<\/td><td><br><br><br>\u0130lgili<br>mevzuat h\u00fck\u00fcmlerine g\u00f6re \u201cBilginer\u201d\u2019den bilgi ve belge almaya yetkili kamu<br>kurum ve kurulu\u015flar ile di\u011fer hukuk ki\u015fileri<\/td><td><br><br><br>\u0130lgili<br>kamu kurum ve kurulu\u015flar\u0131n\u0131n hukuki yetkisi dahilinde talep etti\u011fi ama\u00e7la s\u0131n\u0131rl\u0131<br>olarak<\/td><\/tr><tr><td><br><br>Hukuken<br>Yetkili \u00d6zel Hukuk Ki\u015fileri<\/td><td><br><br>\u0130lgili<br>mevzuat h\u00fck\u00fcmlerine g\u00f6re \u201cBilginer\u201d\u2019den bilgi ve belge almaya yetkili \u00f6zel<br>hukuk ki\u015fileri<\/td><td><br><br>\u0130lgili<br>\u00f6zel hukuk ki\u015filerinin hukuki yetkisi dahilinde talep etti\u011fi ama\u00e7la s\u0131n\u0131rl\u0131<br>olarak<\/td><\/tr><tr><td><br>Hukuk &#8211; Dan\u0131\u015fmanl\u0131k<br>Birimleri<\/td><td><br>\u201cBilginer\u201din<br>hizmet ili\u015fkisi i\u00e7erisinde bulundu\u011fu dan\u0131\u015fmanl\u0131k \u015firketleri ve hukuk b\u00fcrolar\u0131<\/td><td><br>\u201cBilginer\u201d<br>ve\/veya kar\u015f\u0131 taraf\u0131n hukuki merciler \u00f6n\u00fcnden hak ve menfaatlerin tesisi ile<br>yarg\u0131sal i\u015flemlerin tesisi<\/td><\/tr><tr><td><br>Kargo \u015eirketi<\/td><td><br>\u201cBilginer\u201din<br>akdi ili\u015fki i\u00e7erisinde bulunan ve ama\u00e7la uyumlu olarak sipari\u015f tesliminin sa\u011flanmas\u0131<br>amac\u0131yla \u00e7al\u0131\u015f\u0131lan kargo \u015firketleri<\/td><td><br>\u201cBilginer\u201d<br>ile sat\u0131n alma ili\u015fkisi kuran ki\u015filerin sipari\u015flerinin teslimini sa\u011flamak<\/td><\/tr><tr><td><br>Denetim Firmalar\u0131<\/td><td><br>\u201cBilginer\u201din<br>akdi ili\u015fki i\u00e7erisinde kanuni zorunluluktan kaynakl\u0131 denetimini ger\u00e7ekle\u015ftiren<br>\u015firketler<\/td><td><br>\u201cBilginer\u201din<br>mali, idari ve hukuki y\u00f6nden denetiminin sa\u011flanmas\u0131<\/td><\/tr><\/tbody><\/table><\/figure>\n\n\n\n<p><br><br><strong>Ki\u015fisel verilen aktar\u0131lmas\u0131 y\u00f6n\u00fcnden r\u0131za almayan hallerde ilgili ki\u015filer ile amaca uygun ve ama\u00e7la s\u0131n\u0131rl\u0131 olmak kayd\u0131yla payla\u015f\u0131labilecektir.<\/strong>&nbsp;Ayr\u0131ca, Kullan\u0131c\u0131n\u0131n Ad ve \u0130leti\u015fim Bilgileri, \u00f6deme a\u015famas\u0131nda onaylayaca\u011f\u0131 \u00f6deme kurulu\u015fu \u00e7er\u00e7eve s\u00f6zle\u015fmesi uyar\u0131nca ve 9 Ocak 2008 tarihli ve 26751 say\u0131l\u0131 Resmi Gazete\u2019de yay\u0131mlanan Su\u00e7 Gelirlerinin Aklanmas\u0131n\u0131n ve Ter\u00f6r\u00fcn Finansman\u0131n\u0131n \u00d6nlenmesine Dair Tedbirler Hakk\u0131nda Y\u00f6netmelik uyar\u0131nca kimlik do\u011frulamas\u0131 ger\u00e7ekle\u015ftirilmesi amac\u0131yla \u00f6deme kurulu\u015flar\u0131yla payla\u015f\u0131labilecektir. Bilginer, ki\u015fisel verileri yukar\u0131da belirtilen ama\u00e7lar dahilinde, 6698 say\u0131l\u0131 Kanun\u2019da \u00f6ng\u00f6r\u00fclen \u015fartlar\u0131 sa\u011flamak ko\u015fulu ile yurt i\u00e7inde \u00fc\u00e7\u00fcnc\u00fc ki\u015filere aktarabilece\u011fi gibi yurt d\u0131\u015f\u0131na da aktarabilecektir.<br><br><strong>Ki\u015fisel Verileriniz Saklanma S\u00fcresi<\/strong><br>Bilginer\u201d, ilgili kanunlarda ve mevzuatlarda \u00f6ng\u00f6r\u00fclmesi durumunda ki\u015fisel verileri bu mevzuatlarda belirtilen s\u00fcre boyunca saklamaktad\u0131r.<br><br>Ki\u015fisel verilerin ne kadar s\u00fcre boyunca saklanmas\u0131 gerekti\u011fine ili\u015fkin mevzuatta bir s\u00fcre d\u00fczenlenmemi\u015fse, ki\u015fisel veriler \u201cBilginer\u201d\u2019in o veriyi i\u015flerken y\u00fcr\u00fct\u00fclen faaliyet ile ba\u011fl\u0131 olarak \u201cBilginer\u201d\u2019in uygulamalar\u0131 ve ticari ya\u015fam\u0131n\u0131n team\u00fclleri uyar\u0131nca i\u015flenmesini gerektiren s\u00fcre kadar i\u015flenmekte daha sonra silinmekte, yok edilmekte veya anonim hale getirilmektedir.<br><br>Ki\u015fisel verilerin i\u015flenme amac\u0131 sona ermi\u015f ; ilgili mevzuat ve \u201cBilginer\u201d\u2019in belirledi\u011fi saklama s\u00fcrelerinin de sonuna gelinmi\u015fse ; ki\u015fisel veriler yaln\u0131zca olas\u0131 hukuki uyu\u015fmazl\u0131klarda delil te\u015fkil etmesi veya ki\u015fisel veriye ba\u011fl\u0131 ilgili hakk\u0131n ileri s\u00fcr\u00fclebilmesi veya savunman\u0131n tesis edilmesi amac\u0131yla saklanabilmektedir. Buradaki s\u00fcrelerin tesisinde bahsi ge\u00e7en hakk\u0131n ileri s\u00fcr\u00fclebilmesine y\u00f6nelik zaman a\u015f\u0131m\u0131 s\u00fcreleri ile zaman a\u015f\u0131m\u0131 s\u00fcrelerinin ge\u00e7mesine ra\u011fmen daha \u00f6nce ayn\u0131 konularda \u201cBilginer\u201d\u2019e y\u00f6neltilen taleplerdeki \u00f6rnekler esas al\u0131narak saklama s\u00fcreleri belirlenmektedir. Bu durumda saklanan ki\u015fisel verilere herhangi bir ba\u015fka ama\u00e7la eri\u015filmemekte ve ancak ilgili hukuki uyu\u015fmazl\u0131kta kullan\u0131lmas\u0131 gerekti\u011fi zaman ilgili ki\u015fisel verilere eri\u015fim sa\u011flanmaktad\u0131r. Burada da bahsi ge\u00e7en s\u00fcre sona erdikten sonra ki\u015fisel veriler silinmekte, yok edilmekte veya anonim hale getirilmektedir.<br><br><strong>Veri G\u00fcvenli\u011fine \u0130li\u015fkin \u00d6nlemlerimiz ve Taahh\u00fctlerimiz<\/strong><br>Bilginer, ki\u015fisel verilerinizin g\u00fcvenli bir \u015fekilde korumay\u0131 taahh\u00fct eder. Ki\u015fisel verilerinizin hukuka ayk\u0131r\u0131 olarak i\u015flenmesini ve eri\u015filmesini engellemek ve ki\u015fisel verilerin muhafazas\u0131n\u0131 sa\u011flamak amac\u0131yla uygun g\u00fcvenlik d\u00fczeyini temin etmeye y\u00f6nelik teknik ve idari tedbirleri \u00e7e\u015fitli y\u00f6ntemler ve g\u00fcvenlik teknolojileri kullanarak ger\u00e7ekle\u015ftirmektedir. Ayr\u0131ca, \u00f6zel nitelikli ki\u015fisel verilerinizi Kurul taraf\u0131ndan belirlenen yeterli \u00f6nlemlerin al\u0131nmas\u0131 ile i\u015flenmektedir. Bu \u00f6nlemlere ve detayl\u0131 bilgilere Burada yer alan &#8220;Ki\u015fisel Verilerin Korunmas\u0131, \u0130\u015flenmesi, Saklanmas\u0131 \u0130mhas\u0131na Dair Politika&#8221; sayfas\u0131 \u00fczerinden ula\u015fabilirsiniz.<br><br>Bilginer, Kullan\u0131c\u0131lar hakk\u0131nda elde etti\u011fi ki\u015fisel verileri bu i\u015fbu Gizlilik Politikas\u0131 ve 6698 Say\u0131l\u0131 Ki\u015fisel Verilerin Korunmas\u0131 Kanunu h\u00fck\u00fcmlerine ayk\u0131r\u0131 olarak ba\u015fkas\u0131na a\u00e7\u0131klamayacakt\u0131r ve i\u015fleme amac\u0131 d\u0131\u015f\u0131nda kullanmayacakt\u0131r. Bilginer, i\u015fbu Gizlilik Politikas\u0131 h\u00fck\u00fcmleri uyar\u0131nca d\u0131\u015f kaynak hizmet sa\u011flay\u0131c\u0131larla kullan\u0131c\u0131lar\u2019a ait ki\u015fisel verilerin payla\u015f\u0131lmas\u0131 durumunda, s\u00f6z konusu d\u0131\u015f kaynak tedarik\u00e7ilerinin de i\u015fbu madde alt\u0131nda yer alan taahh\u00fctlere riayet edece\u011fini beyan eder.<br><br><strong>Verilerinize Y\u00f6nelik Haklar\u0131n\u0131z<\/strong><br>6698 say\u0131l\u0131 kanunun 11. Maddesi \u00e7er\u00e7evesinde \u015firketimize ba\u015fvurarak ;<br><br>Ki\u015fisel veri i\u015flenip i\u015flenmedi\u011fini \u00f6\u011frenme,<br>Ki\u015fisel verileri i\u015flenmi\u015fse buna ili\u015fkin bilgi talep etme,<br>Ki\u015fisel verilerin i\u015flenme amac\u0131n\u0131 ve bunlar\u0131n amac\u0131na uygun kullan\u0131l\u0131p kullan\u0131lmad\u0131\u011f\u0131n\u0131 \u00f6\u011frenme,<br>Yurt i\u00e7inde veya yurt d\u0131\u015f\u0131nda ki\u015fisel verilerin aktar\u0131ld\u0131\u011f\u0131 \u00fc\u00e7\u00fcnc\u00fc ki\u015fileri bilme,<br>Ki\u015fisel verilerin eksik veya yanl\u0131\u015f i\u015flenmi\u015f olmas\u0131 h\u00e2linde bunlar\u0131n d\u00fczeltilmesini isteme ve bu kapsamda yap\u0131lan i\u015flemin ki\u015fisel verilerin aktar\u0131ld\u0131\u011f\u0131 \u00fc\u00e7\u00fcnc\u00fc ki\u015filere bildirilmesini isteme,<br>KVK Kanunu ve ilgili di\u011fer kanun h\u00fck\u00fcmlerine uygun olarak i\u015flenmi\u015f olmas\u0131na ra\u011fmen, i\u015flenmesini gerektiren sebeplerin ortadan kalkmas\u0131 h\u00e2linde ki\u015fisel verilerin silinmesini veya yok edilmesini isteme ve bu kapsamda yap\u0131lan i\u015flemin ki\u015fisel verilerin aktar\u0131ld\u0131\u011f\u0131 \u00fc\u00e7\u00fcnc\u00fc ki\u015filere bildirilmesini isteme,<br>\u0130\u015flenen verilerin m\u00fcnhas\u0131ran otomatik sistemler vas\u0131tas\u0131yla analiz edilmesi suretiyle ki\u015finin kendisi aleyhine bir sonucun ortaya \u00e7\u0131kmas\u0131na itiraz etme,<br>Ki\u015fisel verilerin kanuna ayk\u0131r\u0131 olarak i\u015flenmesi sebebiyle zarara u\u011framas\u0131 h\u00e2linde zarar\u0131n giderilmesini talep etme haklar\u0131na sahipsiniz.<br><br><br><strong>Gizlilik Politikas\u0131 \u00dczerinde Ger\u00e7ekle\u015fecek Olan De\u011fi\u015fiklikler<\/strong><br>Bilginer, i\u015fbu Gizlilik Politikas\u0131 h\u00fck\u00fcmlerini diledi\u011fi zaman Portal \u00fczerinden yay\u0131mlamak suretiyle g\u00fcncelleyebilir ve de\u011fi\u015ftirebilir. Bilginer\u2019in Gizlilik Politikas\u0131\u2019nda yapt\u0131\u011f\u0131 g\u00fcncelleme ve de\u011fi\u015fiklikler Portal\u2019da yay\u0131nland\u0131\u011f\u0131 tarihten itibaren ge\u00e7erli olacakt\u0131r.<br><br><strong>Bize Nas\u0131l Ula\u015fabilirsiniz?<\/strong><br>Kullan\u0131c\u0131, i\u015fbu Gizlilik Politikas\u0131\u2019na konu bilgilerinin tam, do\u011fru ve g\u00fcncel oldu\u011funu, bu bilgilerde herhangi bir de\u011fi\u015fiklik olmas\u0131 halinde bunlar\u0131 g\u00fcncelleyece\u011fini taahh\u00fct eder. Kullan\u0131c\u0131\u2019n\u0131n g\u00fcncel bilgileri sa\u011flamam\u0131\u015f olmas\u0131 halinde Bilginer\u2019in herhangi bir sorumlulu\u011fu olmayacakt\u0131r.<br><br>Veri Sahibi adresinde bulunan formun doldurulduktan sonra \u0131slak imzal\u0131 bir n\u00fcshas\u0131n\u0131n bizzat elden veya noter arac\u0131l\u0131\u011f\u0131 ile \u00c7iftlikk\u00f6y Mah. Mersin \u00dcnv. Kamp\u00fcs Alan\u0131 Teknopark A Blok No: 109 Yeni\u015fehir adresine iletilmesi<br><br>Veri Sahibi adresinde bulunan formun doldurulup 5070 Say\u0131l\u0131 Elektronik \u0130mza Kanunu kapsam\u0131ndaki g\u00fcvenli elektronik imzan\u0131zla imzaland\u0131ktan sonra g\u00fcvenli elektronik imzal\u0131 formun Bilginer@hs03.kep.tr adresine kay\u0131tl\u0131 elektronik posta ile g\u00f6nderilmesi y\u00f6ntemleri ile verilerinize y\u00f6nelik taleplerinizi taraf\u0131m\u0131za iletebilirsiniz.<br><br>Ki\u015fisel veri sahipleri ad\u0131na \u00fc\u00e7\u00fcnc\u00fc ki\u015filerin ba\u015fvuru talebinde bulunabilmesi i\u00e7in veri sahibi taraf\u0131ndan ba\u015fvuruda bulunacak ki\u015fi ad\u0131na noter kanal\u0131yla d\u00fczenlenmi\u015f \u00f6zel vek\u00e2letname bulunmal\u0131d\u0131r.<br><br>\u0130\u015fbu form \u00fczerinde yer verilen hususlar ile ilgili olarak, hukuki ve teknolojik geli\u015fmeler do\u011frultusunda de\u011fi\u015fiklikler s\u00f6z konusu olabilecektir.<\/p>\n","protected":false},"excerpt":{"rendered":"<p>\u0130\u015fbu Gizlilik Politikas\u0131\u2019n\u0131n amac\u0131, B\u0130LG\u0130NER HAVACILIK SPOR.ORG.ELEK.TURZ.SAN.LTD.\u015eT\u0130. (\u201cBilginer\u201d veya \u201c\u015eirket\u201d) taraf\u0131ndan y\u00f6netilmekte olan http:\/\/gyroturk.com\/ adresinde yer alan web sitesinin, (\u201cPortal\u201d) kullan\u0131m\u0131 s\u0131ras\u0131nda elde edilen ve\/veya \u00fc\u00e7\u00fcnc\u00fc ki\u015filerden al\u0131nan ki\u015fisel verilerin kullan\u0131m\u0131na ili\u015fkin ko\u015ful ve \u015fartlar\u0131 tespit etmektir. \u0130\u015fbu Gizlilik Politikas\u0131\u2019nda tan\u0131mlanmayan ifadelerin yorumlanmas\u0131nda Kullan\u0131m ve \u00dcyelik S\u00f6zle\u015fmesi ve \u00c7erez Politikas\u0131\u2019ndaki tan\u0131mlar dikkate al\u0131nacakt\u0131r. Bilginer, teknolojiye<\/p><\/div>\n<div class=\"blog-btn\"><a href=\"https:\/\/gyroturk.com\/?page_id=154\" class=\"home-blog-btn\">Daha fazlas\u0131n\u0131 oku<\/a><\/p>\n","protected":false},"author":1,"featured_media":0,"parent":0,"menu_order":0,"comment_status":"closed","ping_status":"closed","template":"","meta":{"footnotes":""},"class_list":["post-154","page","type-page","status-publish","hentry"],"_links":{"self":[{"href":"https:\/\/gyroturk.com\/index.php?rest_route=\/wp\/v2\/pages\/154","targetHints":{"allow":["GET"]}}],"collection":[{"href":"https:\/\/gyroturk.com\/index.php?rest_route=\/wp\/v2\/pages"}],"about":[{"href":"https:\/\/gyroturk.com\/index.php?rest_route=\/wp\/v2\/types\/page"}],"author":[{"embeddable":true,"href":"https:\/\/gyroturk.com\/index.php?rest_route=\/wp\/v2\/users\/1"}],"replies":[{"embeddable":true,"href":"https:\/\/gyroturk.com\/index.php?rest_route=%2Fwp%2Fv2%2Fcomments&post=154"}],"version-history":[{"count":5,"href":"https:\/\/gyroturk.com\/index.php?rest_route=\/wp\/v2\/pages\/154\/revisions"}],"predecessor-version":[{"id":237,"href":"https:\/\/gyroturk.com\/index.php?rest_route=\/wp\/v2\/pages\/154\/revisions\/237"}],"wp:attachment":[{"href":"https:\/\/gyroturk.com\/index.php?rest_route=%2Fwp%2Fv2%2Fmedia&parent=154"}],"curies":[{"name":"wp","href":"https:\/\/api.w.org\/{rel}","templated":true}]}}