{"id":148,"date":"2022-02-03T21:39:44","date_gmt":"2022-02-03T21:39:44","guid":{"rendered":"http:\/\/gyroturk.com\/?page_id=148"},"modified":"2022-05-20T10:23:57","modified_gmt":"2022-05-20T10:23:57","slug":"belgelerimiz","status":"publish","type":"page","link":"https:\/\/gyroturk.com\/?page_id=148","title":{"rendered":"Belgeler"},"content":{"rendered":"\n<div class=\"wp-block-columns is-layout-flex wp-container-core-columns-is-layout-9d6595d7 wp-block-columns-is-layout-flex\">\n<div class=\"wp-block-column is-layout-flow wp-block-column-is-layout-flow\" style=\"flex-basis:100%\">\n<div class=\"wp-block-columns is-layout-flex wp-container-core-columns-is-layout-9d6595d7 wp-block-columns-is-layout-flex\">\n<div class=\"wp-block-column is-vertically-aligned-center is-layout-flow wp-block-column-is-layout-flow\" style=\"flex-basis:100%\">\n<div class=\"wp-block-columns is-layout-flex wp-container-core-columns-is-layout-9d6595d7 wp-block-columns-is-layout-flex\">\n<div class=\"wp-block-column is-layout-flow wp-block-column-is-layout-flow\" style=\"flex-basis:100%\">\n<figure class=\"wp-block-gallery has-nested-images columns-default is-cropped wp-block-gallery-1 is-layout-flex wp-block-gallery-is-layout-flex\">\n<figure class=\"wp-block-image size-large\"><img loading=\"lazy\" decoding=\"async\" width=\"459\" height=\"670\" data-id=\"152\" src=\"http:\/\/gyroturk.com\/wp-content\/uploads\/2022\/02\/Marka-Tescil.jpg\" alt=\"\" class=\"wp-image-152\" srcset=\"https:\/\/gyroturk.com\/wp-content\/uploads\/2022\/02\/Marka-Tescil.jpg 459w, https:\/\/gyroturk.com\/wp-content\/uploads\/2022\/02\/Marka-Tescil-206x300.jpg 206w\" sizes=\"auto, (max-width: 459px) 100vw, 459px\" \/><\/figure>\n\n\n\n<figure class=\"wp-block-image size-large\"><img loading=\"lazy\" decoding=\"async\" width=\"745\" height=\"1024\" data-id=\"220\" src=\"http:\/\/gyroturk.com\/wp-content\/uploads\/2022\/05\/Yerli-Mali-Belgesi-745x1024.jpg\" alt=\"\" class=\"wp-image-220\" srcset=\"https:\/\/gyroturk.com\/wp-content\/uploads\/2022\/05\/Yerli-Mali-Belgesi-745x1024.jpg 745w, https:\/\/gyroturk.com\/wp-content\/uploads\/2022\/05\/Yerli-Mali-Belgesi-218x300.jpg 218w, https:\/\/gyroturk.com\/wp-content\/uploads\/2022\/05\/Yerli-Mali-Belgesi-768x1056.jpg 768w, https:\/\/gyroturk.com\/wp-content\/uploads\/2022\/05\/Yerli-Mali-Belgesi-1117x1536.jpg 1117w, https:\/\/gyroturk.com\/wp-content\/uploads\/2022\/05\/Yerli-Mali-Belgesi-1490x2048.jpg 1490w, https:\/\/gyroturk.com\/wp-content\/uploads\/2022\/05\/Yerli-Mali-Belgesi-scaled.jpg 1862w\" sizes=\"auto, (max-width: 745px) 100vw, 745px\" \/><\/figure>\n<\/figure>\n<\/div>\n<\/div>\n<\/div>\n<\/div>\n<\/div>\n<\/div>\n\n\n\n<figure class=\"wp-block-gallery has-nested-images columns-default is-cropped wp-block-gallery-2 is-layout-flex wp-block-gallery-is-layout-flex\">\n<figure class=\"wp-block-image size-large\"><img loading=\"lazy\" decoding=\"async\" width=\"791\" height=\"1024\" data-id=\"149\" src=\"http:\/\/gyroturk.com\/wp-content\/uploads\/2022\/02\/TR95526A-BI\u0307LGI\u0307NER-HAVACILIK-S..-791x1024.jpg\" alt=\"\" class=\"wp-image-149\" srcset=\"https:\/\/gyroturk.com\/wp-content\/uploads\/2022\/02\/TR95526A-BI\u0307LGI\u0307NER-HAVACILIK-S..-791x1024.jpg 791w, https:\/\/gyroturk.com\/wp-content\/uploads\/2022\/02\/TR95526A-BI\u0307LGI\u0307NER-HAVACILIK-S..-232x300.jpg 232w, https:\/\/gyroturk.com\/wp-content\/uploads\/2022\/02\/TR95526A-BI\u0307LGI\u0307NER-HAVACILIK-S..-768x994.jpg 768w, https:\/\/gyroturk.com\/wp-content\/uploads\/2022\/02\/TR95526A-BI\u0307LGI\u0307NER-HAVACILIK-S..-1187x1536.jpg 1187w, https:\/\/gyroturk.com\/wp-content\/uploads\/2022\/02\/TR95526A-BI\u0307LGI\u0307NER-HAVACILIK-S..-1583x2048.jpg 1583w, https:\/\/gyroturk.com\/wp-content\/uploads\/2022\/02\/TR95526A-BI\u0307LGI\u0307NER-HAVACILIK-S..-scaled.jpg 1978w\" sizes=\"auto, (max-width: 791px) 100vw, 791px\" \/><\/figure>\n\n\n\n<figure class=\"wp-block-image size-large\"><img loading=\"lazy\" decoding=\"async\" width=\"1811\" height=\"2560\" data-id=\"150\" src=\"http:\/\/gyroturk.com\/wp-content\/uploads\/2022\/02\/SKM_C25822012510270-scaled.jpg\" alt=\"\" class=\"wp-image-150\" srcset=\"https:\/\/gyroturk.com\/wp-content\/uploads\/2022\/02\/SKM_C25822012510270-scaled.jpg 1811w, https:\/\/gyroturk.com\/wp-content\/uploads\/2022\/02\/SKM_C25822012510270-212x300.jpg 212w, https:\/\/gyroturk.com\/wp-content\/uploads\/2022\/02\/SKM_C25822012510270-724x1024.jpg 724w, https:\/\/gyroturk.com\/wp-content\/uploads\/2022\/02\/SKM_C25822012510270-768x1086.jpg 768w, https:\/\/gyroturk.com\/wp-content\/uploads\/2022\/02\/SKM_C25822012510270-1087x1536.jpg 1087w, https:\/\/gyroturk.com\/wp-content\/uploads\/2022\/02\/SKM_C25822012510270-1449x2048.jpg 1449w\" sizes=\"auto, (max-width: 1811px) 100vw, 1811px\" \/><\/figure>\n<\/figure>\n\n\n\n<div data-wp-interactive=\"core\/file\" class=\"wp-block-file\"><object data-wp-bind--hidden=\"!state.hasPdfPreview\" hidden class=\"wp-block-file__embed\" data=\"http:\/\/gyroturk.com\/wp-content\/uploads\/2022\/02\/Gyroturk-Ucus-ve-Kullanim-Kilavuzu-3.pdf\" type=\"application\/pdf\" style=\"width:100%;height:600px\" aria-label=\"Gyroturk-Ucus-ve-Kullanim-Kilavuzu-3 g\u00f6m\u00fcs\u00fc. g\u00f6m\u00fcs\u00fc.\"><\/object><a id=\"wp-block-file--media-bfeedeb1-7013-4040-bc0a-5b734e59a250\" href=\"http:\/\/gyroturk.com\/wp-content\/uploads\/2022\/02\/Gyroturk-Ucus-ve-Kullanim-Kilavuzu-3.pdf\">Gyroturk-Ucus-ve-Kullanim-Kilavuzu-3<\/a><a href=\"http:\/\/gyroturk.com\/wp-content\/uploads\/2022\/02\/Gyroturk-Ucus-ve-Kullanim-Kilavuzu-3.pdf\" class=\"wp-block-file__button\" download aria-describedby=\"wp-block-file--media-bfeedeb1-7013-4040-bc0a-5b734e59a250\">\u0130ndir<\/a><\/div>\n","protected":false},"excerpt":{"rendered":"","protected":false},"author":1,"featured_media":0,"parent":0,"menu_order":0,"comment_status":"closed","ping_status":"closed","template":"","meta":{"footnotes":""},"class_list":["post-148","page","type-page","status-publish","hentry"],"_links":{"self":[{"href":"https:\/\/gyroturk.com\/index.php?rest_route=\/wp\/v2\/pages\/148","targetHints":{"allow":["GET"]}}],"collection":[{"href":"https:\/\/gyroturk.com\/index.php?rest_route=\/wp\/v2\/pages"}],"about":[{"href":"https:\/\/gyroturk.com\/index.php?rest_route=\/wp\/v2\/types\/page"}],"author":[{"embeddable":true,"href":"https:\/\/gyroturk.com\/index.php?rest_route=\/wp\/v2\/users\/1"}],"replies":[{"embeddable":true,"href":"https:\/\/gyroturk.com\/index.php?rest_route=%2Fwp%2Fv2%2Fcomments&post=148"}],"version-history":[{"count":10,"href":"https:\/\/gyroturk.com\/index.php?rest_route=\/wp\/v2\/pages\/148\/revisions"}],"predecessor-version":[{"id":223,"href":"https:\/\/gyroturk.com\/index.php?rest_route=\/wp\/v2\/pages\/148\/revisions\/223"}],"wp:attachment":[{"href":"https:\/\/gyroturk.com\/index.php?rest_route=%2Fwp%2Fv2%2Fmedia&parent=148"}],"curies":[{"name":"wp","href":"https:\/\/api.w.org\/{rel}","templated":true}]}}